{"id":4173,"date":"2024-05-30T03:56:51","date_gmt":"2024-05-30T03:56:51","guid":{"rendered":"https:\/\/www.belenmarron.com\/politicas-de-privacidad\/"},"modified":"2024-08-14T07:43:31","modified_gmt":"2024-08-14T07:43:31","slug":"politicas-de-privacidad","status":"publish","type":"page","link":"https:\/\/www.belenmarron.com\/en\/politicas-de-privacidad\/","title":{"rendered":"Privacy Policies"},"content":{"rendered":"<p><div class=\"fusion-fullwidth fullwidth-box fusion-builder-row-1 fusion-flex-container has-pattern-background has-mask-background nonhundred-percent-fullwidth non-hundred-percent-height-scrolling\" style=\"--awb-background-position:center top;--awb-border-radius-top-left:0px;--awb-border-radius-top-right:0px;--awb-border-radius-bottom-right:0px;--awb-border-radius-bottom-left:0px;--awb-padding-top:140px;--awb-padding-bottom:100px;--awb-margin-top:0px;--awb-min-height:750px;--awb-background-color:#24383f;--awb-background-image:linear-gradient(180deg, rgba(79,79,79,0.32) 0%,rgba(79,79,79,0.32) 100%);--awb-flex-wrap:wrap;\" ><div class=\"fusion-builder-row fusion-row fusion-flex-align-items-center fusion-flex-justify-content-center fusion-flex-content-wrap\" style=\"max-width:1372.8px;margin-left: calc(-4% \/ 2 );margin-right: calc(-4% \/ 2 );\"><div class=\"fusion-layout-column fusion_builder_column fusion-builder-column-0 fusion_builder_column_3_4 3_4 fusion-flex-column fusion-animated\" style=\"--awb-bg-size:cover;--awb-width-large:75%;--awb-margin-top-large:0px;--awb-spacing-right-large:2.56%;--awb-margin-bottom-large:0px;--awb-spacing-left-large:2.56%;--awb-width-medium:75%;--awb-order-medium:0;--awb-spacing-right-medium:2.56%;--awb-spacing-left-medium:2.56%;--awb-width-small:83.333333333333%;--awb-order-small:0;--awb-spacing-right-small:2.304%;--awb-spacing-left-small:2.304%;\" data-animationType=\"fadeInUp\" data-animationDuration=\"1.5\" data-animationDelay=\"0.5\" data-animationOffset=\"top-into-view\" data-scroll-devices=\"medium-visibility,large-visibility\"><div class=\"fusion-column-wrapper fusion-column-has-shadow fusion-flex-justify-content-flex-start fusion-content-layout-column\"><div class=\"fusion-title title fusion-title-1 fusion-sep-none fusion-title-center fusion-title-highlight fusion-animate-loop fusion-highlight-underline fusion-title-size-one\" style=\"--awb-text-color:var(--awb-color1);--awb-highlight-width:7;--awb-margin-top:0px;--awb-margin-bottom:5px;--awb-margin-bottom-small:20px;--awb-font-size:60px;\" data-highlight=\"underline\"><h1 class=\"fusion-title-heading title-heading-center\" style=\"font-family:&quot;Aboreto&quot;;font-style:normal;font-weight:400;margin:0;font-size:1em;line-height:1.4;\"><span class=\"fusion-highlighted-text-prefix\"><\/span>  <span class=\"fusion-highlighted-text-postfix\">Privacy Policies<\/span><\/h1><\/div><\/div><\/div><\/div><\/div><div class=\"fusion-fullwidth fullwidth-box fusion-builder-row-2 fusion-flex-container has-pattern-background has-mask-background nonhundred-percent-fullwidth non-hundred-percent-height-scrolling\" style=\"--awb-border-radius-top-left:0px;--awb-border-radius-top-right:0px;--awb-border-radius-bottom-right:0px;--awb-border-radius-bottom-left:0px;--awb-padding-top:60px;--awb-padding-bottom:30px;--awb-padding-bottom-small:0px;--awb-margin-top:0px;--awb-flex-wrap:wrap;\" ><div class=\"fusion-builder-row fusion-row fusion-flex-align-items-flex-end fusion-flex-content-wrap\" style=\"max-width:1372.8px;margin-left: calc(-4% \/ 2 );margin-right: calc(-4% \/ 2 );\"><div class=\"fusion-layout-column fusion_builder_column fusion-builder-column-1 fusion_builder_column_1_1 1_1 fusion-flex-column\" style=\"--awb-padding-right:10%;--awb-padding-left:10%;--awb-bg-size:cover;--awb-width-large:100%;--awb-margin-top-large:0px;--awb-spacing-right-large:1.92%;--awb-margin-bottom-large:20px;--awb-spacing-left-large:1.92%;--awb-width-medium:100%;--awb-order-medium:0;--awb-spacing-right-medium:1.92%;--awb-spacing-left-medium:1.92%;--awb-width-small:100%;--awb-order-small:0;--awb-spacing-right-small:1.92%;--awb-spacing-left-small:1.92%;\" data-scroll-devices=\"small-visibility,medium-visibility,large-visibility\"><div class=\"fusion-column-wrapper fusion-column-has-shadow fusion-flex-justify-content-flex-start fusion-content-layout-column\"><div class=\"fusion-text fusion-text-1\"><p>In accordance with Article 13 of Regulation (EU) 2016\/679, of the European Parliament and of the Council, of 27 April (\u201cGeneral Data Protection Regulation\u201d or \u201cGDPR\u201d), this Privacy Policy applies to the processing of personal data carried out by BEL\u00c9N MARR\u00d3N REIGOSA\u2013hereinafter BEL\u00c9N MARR\u00d3N \u2013 as the Data Controller, concerning the data provided by users and\/or clients (natural persons) as a result of requesting information about the services provided and marketed through her website, or collected in any section of the website <a href=\"http:\/\/www.belenmarron.com\" data-saferedirecturl=\"https:\/\/www.google.com\/url?q=http:\/\/www.belenmarron.com&amp;source=gmail&amp;ust=1723707195216000&amp;usg=AOvVaw3ByML4DNT1YUcXiEYe1tbh\">www.belenmarron.com<\/a>.<\/p>\n<p>DATA CONTROLLER<\/p>\n<p>Corporate Name: BEL\u00c9N MARR\u00d3N REIGOSA<\/p>\n<p>Trade Name: BEL\u00c9N MARR\u00d3N<\/p>\n<p>Address: 08022 \u2013 Barcelona<\/p>\n<p>ID: 39721083Z.<\/p>\n<p>Email: <a href=\"mailto:bmr@belenmarron.com\">bmr@belenmarron.com<\/a><\/p>\n<p>PURPOSES OF PROCESSING<\/p>\n<p>Your personal data will be used for the general purpose of managing and controlling the established commercial relationship, and specifically to:<\/p>\n<p>&#8211; Manage full access to and correct usage of the services by users.<\/p>\n<p>&#8211; Communicate with users in response to incidents, requests, comments, and questions they may have regarding the services, as well as through the contact forms on our website (including emails and\/or phone calls).<\/p>\n<p>&#8211; Provide, update, maintain, and protect the services and activities.<\/p>\n<p>&#8211; Offer new services, special offers, or updates.<\/p>\n<p>&#8211; If applicable, manage personnel selection processes for job openings and\/or collaborations.<\/p>\n<p>&#8211; Communications: We may send you emails, messages, and other types of communication regarding the services, technical issues, and changes to the services. These communications are considered part of the services, and you cannot opt out of them.<\/p>\n<p>&#8211; Commercial Communications (Marketing): We may use your data to contact you, either electronically or non-electronically, to conduct surveys, obtain your opinion on the service provided, and occasionally inform you of changes, significant developments in the services, offers, and\/or promotions of our services or those of third-party companies related to us. These commercial offers will always be expressly and separately authorized by the user, who may revoke their consent to receive these notifications at any time by using the mechanism implemented for this purpose, or from the preferences in the customer account.<\/p>\n<p>We will not process your personal data for any other purposes beyond those described above unless required by law or due to a judicial requirement.<\/p>\n<p>Data Retention Period: The personal data provided will be retained and processed as long as the service provision relationship is maintained, without prejudice to the possibility of exercising your right to deletion, in which case BEL\u00c9N MARR\u00d3N will block your data for the time necessary to fulfill legal obligations.<\/p>\n<p>The personal data of individuals interested in receiving information about the services will be kept in the system indefinitely, as long as the data subject does not request their deletion.<\/p>\n<p>LEGAL BASIS FOR PROCESSING<\/p>\n<p>The legal basis for processing the data is the consent of the data subject for the purposes mentioned above, which will be requested at the time of:<\/p>\n<p>&#8211; Before proceeding with the processing of your data,<\/p>\n<p>&#8211; Proceeding with the registration as a customer, or<\/p>\n<p>&#8211; Proceeding with the sending of communications about BEL\u00c9N MARR\u00d3N&#8217;s products.<\/p>\n<p>The information requests you send us require that you voluntarily provide the necessary data to assist you or provide the services.<\/p>\n<p>However, the data subject is free to refuse to provide us with such data or to subsequently revoke the consent previously granted for processing their data. However, such refusal will result in our inability to process your request.<\/p>\n<p>Similarly, we may process your data based on BEL\u00c9N MARR\u00d3N&#8217;s legitimate interest in maintaining and retaining its customers and\/or users and better meeting their previously expressed expectations or interests, such as improving services, handling requests, inquiries, or complaints, offering services similar to those contracted, informing about promotions, etc., without prejudice to BEL\u00c9N MARR\u00d3N&#8217;s compliance with other obligations related to the sending of commercial communications electronically.<\/p>\n<p>BEL\u00c9N MARR\u00d3N understands that by providing us with such data, the data subject guarantees and is responsible for the truthfulness, accuracy, and currency of the data and expressly accepts and consents to their processing for the purposes described above.<\/p>\n<p>RECIPIENTS OF DATA TRANSFERS OR DISCLOSURES<\/p>\n<p>As a general rule, BEL\u00c9N MARR\u00d3N will not disclose your personal data to third parties unless we are legally obligated to do so or you have expressly authorized it when using our Products.<\/p>\n<p>By accepting the Product Terms and Conditions, you expressly consent to such disclosures. In the event of the revocation of your consent, we will not be able to continue providing you with the services.<\/p>\n<p>RIGHTS OF THE DATA SUBJECTS<\/p>\n<p>Any individual has the right to obtain confirmation about whether BEL\u00c9N MARR\u00d3N processes personal data concerning them. In particular, you may exercise the following rights before BEL\u00c9N MARR\u00d3N:<\/p>\n<p>&#8211; Right of Access: Allows the data subject to know and obtain information about their personal data subject to processing.<\/p>\n<p>&#8211; Right of Rectification: Allows correcting errors, modifying data that proves to be inaccurate or incomplete, and guaranteeing the accuracy of the information subject to processing.<\/p>\n<p>&#8211; Right of Deletion: Allows requesting the deletion of data subject to processing when they are no longer necessary for the execution or provision of the service.<\/p>\n<p>&#8211; Right of Objection: Allows the data subject to oppose the processing of their personal data or request that it cease, except for legitimate reasons or for the exercise or defense of possible claims, in which case we will keep them blocked for the corresponding period while legal obligations persist.<\/p>\n<p>&#8211; Right of Objection to Advertising: Data subjects may object to receiving commercial communications from BEL\u00c9N MARR\u00d3N. In such cases, you may revoke your consent to receive these notifications at any time using the mechanism implemented for this purpose or from the preferences in the customer account.<\/p>\n<p>&#8211; Limitation of Processing: In certain circumstances, data subjects may request the limitation of the processing of their data, in which case they will only be retained for the exercise or defense of claims.<\/p>\n<p>&#8211; Data Portability: Data subjects may request to receive the data concerning them and that they have provided to us or that, where technically possible, we transmit it to another data controller of their choice, in a structured, commonly used, and machine-readable format.<\/p>\n<p>&#8211; Right not to be Subject to Automated Individual Decisions (including profiling): Right not to be subject to a decision based solely on automated processing, including profiling, that produces legal effects concerning them or significantly affects them.<\/p>\n<p>Right to Withdraw Consent: Additionally, the data subject has the right to withdraw consent at any time without affecting the lawfulness of processing based on consent before its withdrawal.<\/p>\n<p>If you wish to exercise any of the rights mentioned above, please send us a letter with all your details, including ID, to: BEL\u00c9N MARR\u00d3N REIGOSA, by email at <a href=\"mailto:bmr@belenmarron.com\">bmr@belenmarron.com<\/a>, indicating the type of right you wish to exercise.<\/p>\n<p>Possibility of Complaint to the Supervisory Authority: BEL\u00c9N MARR\u00d3N also informs you of your right to file a complaint with the Spanish Data Protection Agency (<a href=\"http:\/\/www.agpd.es\" data-saferedirecturl=\"https:\/\/www.google.com\/url?q=http:\/\/www.agpd.es&amp;source=gmail&amp;ust=1723707195216000&amp;usg=AOvVaw2aQDFjeuNWj3zS8v9h3Lka\">www.agpd.es<\/a>) if you believe that the processing does not comply with current regulations.<\/p>\n<p>ADDITIONAL INFORMATION<\/p>\n<p>Retention of Certain Data: BEL\u00c9N MARR\u00d3N informs you that, in compliance with the provisions of Law 25\/2007, of 18 October, on the retention of data related to electronic communications and public communications networks, certain traffic data generated during the course of communications will be retained and stored to be provided to authorized authorities when the legal circumstances provided therein occur.<\/p>\n<p>Registered Data: As with most products supplied via the Internet, our servers automatically collect information when the user uses the services of the web. These log data may include the IP address, the device identification from which the products are accessed, the operating system, and the device&#8217;s configuration.<\/p>\n<p>Security Measures: We take the necessary data protection measures to prevent information loss, data alteration, or unauthorized access.<\/p>\n<\/div><\/div><\/div><\/div><\/div><\/p>\n","protected":false},"excerpt":{"rendered":"","protected":false},"author":1,"featured_media":0,"parent":0,"menu_order":105,"comment_status":"closed","ping_status":"closed","template":"100-width.php","meta":{"inline_featured_image":false,"_joinchat":[],"footnotes":""},"class_list":["post-4173","page","type-page","status-publish","hentry"],"_links":{"self":[{"href":"https:\/\/www.belenmarron.com\/en\/wp-json\/wp\/v2\/pages\/4173","targetHints":{"allow":["GET"]}}],"collection":[{"href":"https:\/\/www.belenmarron.com\/en\/wp-json\/wp\/v2\/pages"}],"about":[{"href":"https:\/\/www.belenmarron.com\/en\/wp-json\/wp\/v2\/types\/page"}],"author":[{"embeddable":true,"href":"https:\/\/www.belenmarron.com\/en\/wp-json\/wp\/v2\/users\/1"}],"replies":[{"embeddable":true,"href":"https:\/\/www.belenmarron.com\/en\/wp-json\/wp\/v2\/comments?post=4173"}],"version-history":[{"count":0,"href":"https:\/\/www.belenmarron.com\/en\/wp-json\/wp\/v2\/pages\/4173\/revisions"}],"wp:attachment":[{"href":"https:\/\/www.belenmarron.com\/en\/wp-json\/wp\/v2\/media?parent=4173"}],"curies":[{"name":"wp","href":"https:\/\/api.w.org\/{rel}","templated":true}]}}